{"id":28,"date":"2025-08-24T21:46:35","date_gmt":"2025-08-24T19:46:35","guid":{"rendered":"https:\/\/miteapsychotherapy.com\/?page_id=28"},"modified":"2025-09-14T13:54:40","modified_gmt":"2025-09-14T11:54:40","slug":"sta-je-gestalt-psihoterapija","status":"publish","type":"page","link":"https:\/\/miteapsychotherapy.com\/en\/sta-je-gestalt-psihoterapija\/","title":{"rendered":"\u0160ta je ge\u0161talt psihoterapija?"},"content":{"rendered":"<p class=\"wp-block-paragraph\"><\/p>\n\n\n\n<figure class=\"wp-block-image size-large\"><img data-recalc-dims=\"1\" fetchpriority=\"high\" decoding=\"async\" width=\"1030\" height=\"680\" data-attachment-id=\"30\" data-permalink=\"https:\/\/miteapsychotherapy.com\/en\/sta-je-gestalt-psihoterapija\/screen-shot-2025-08-24-at-9-26-21-pm-2\/\" data-orig-file=\"https:\/\/i0.wp.com\/miteapsychotherapy.com\/wp-content\/uploads\/2025\/08\/screen-shot-2025-08-24-at-9.26.21-pm-1.png?fit=1030%2C680&amp;ssl=1\" data-orig-size=\"1030,680\" data-comments-opened=\"1\" data-image-meta=\"{&quot;aperture&quot;:&quot;0&quot;,&quot;credit&quot;:&quot;&quot;,&quot;camera&quot;:&quot;&quot;,&quot;caption&quot;:&quot;&quot;,&quot;created_timestamp&quot;:&quot;0&quot;,&quot;copyright&quot;:&quot;&quot;,&quot;focal_length&quot;:&quot;0&quot;,&quot;iso&quot;:&quot;0&quot;,&quot;shutter_speed&quot;:&quot;0&quot;,&quot;title&quot;:&quot;&quot;,&quot;orientation&quot;:&quot;0&quot;}\" data-image-title=\"Screen Shot 2025-08-24 at 9.26.21 PM\" data-image-description=\"\" data-image-caption=\"\" data-large-file=\"https:\/\/i0.wp.com\/miteapsychotherapy.com\/wp-content\/uploads\/2025\/08\/screen-shot-2025-08-24-at-9.26.21-pm-1.png?fit=1024%2C676&amp;ssl=1\" src=\"https:\/\/i0.wp.com\/miteapsychotherapy.com\/wp-content\/uploads\/2025\/08\/screen-shot-2025-08-24-at-9.26.21-pm-1.png?resize=1030%2C680&#038;ssl=1\" alt=\"\" class=\"wp-image-30\"\/><\/figure>\n\n\n\n<h3 class=\"wp-block-heading\">Pristup koji ti poma\u017ee da se pove\u017ee\u0161 sa sobom \u2013 <strong>ovde i sada<\/strong><\/h3>\n\n\n\n<p class=\"wp-block-paragraph\">Ge\u0161talt psihoterapija je savremeni terapijski pravac koji polazi od ideje da <strong>svaka osoba u sebi nosi kapacitet za promenu, razumevanje i li\u010dni rast.<\/strong><br>Ipak, u svakodnevnoj brzini i pod pritiscima \u010desto izgubimo kontakt sa sobom. Tada nam je <strong>potrebna podr\u0161ka<\/strong> \u2013 neko ko \u0107e nas zaista \u010duti, <strong>razumeti i podsetiti gde da pogledamo <\/strong>kada ne vidimo jasno.<\/p>\n\n\n\n<h3 class=\"wp-block-heading\">Fokus nije (samo) na pro\u0161losti \u2013 ve\u0107 na sada\u0161njem trenutku<\/h3>\n\n\n\n<p class=\"wp-block-paragraph\">U Ge\u0161talt psihoterapiji pa\u017enja je usmerena na to kako \u017eivi\u0161 svoje emocije sada: kako reaguje\u0161, razmi\u0161lja\u0161 i stupa\u0161 u kontakt sa sobom i drugima.<\/p>\n\n\n\n<p class=\"wp-block-paragraph\">Ne tragamo isklju\u010divo za uzrocima u pro\u0161losti, ve\u0107 te podr\u017eavamo da:<\/p>\n\n\n\n<ul class=\"wp-block-list\">\n<li>bolje razume\u0161 <strong>svoje sada\u0161nje obrasce pona\u0161anja i ose\u0107anja<\/strong>,<\/li>\n\n\n\n<li>osvesti\u0161 <strong>kako prepoznaje\u0161 svoje potrebe<\/strong> i kako ih (ne)izra\u017eava\u0161,<\/li>\n\n\n\n<li>istra\u017ei\u0161 <strong>kako postavlja\u0161 granice i gradi\u0161 odnose<\/strong>,<\/li>\n\n\n\n<li>nau\u010di\u0161 da bude\u0161 <strong>prisutniji\/a u sopstvenom \u017eivotu.<\/strong><\/li>\n<\/ul>\n\n\n\n<h3 class=\"wp-block-heading\">Pristup koji vidi celinu \u2013 a ne problem<\/h3>\n\n\n\n<p class=\"wp-block-paragraph\">Ge\u0161talt psihoterapija je <strong>humanisti\u010dko-egzistencijalisti\u010dki orijentisan pravac.<\/strong><br>To zna\u010di da te <strong>ne gledamo kao \u201cproblem koji treba re\u0161iti\u201d<\/strong>, ve\u0107 kao osobu \u010dije emocije, iskustva i odnosi imaju smisao \u2013 i zaslu\u017euju prostor za razumevanje i validaciju.<\/p>\n\n\n\n<p class=\"wp-block-paragraph\">Cilj terapije nije samo da \u201cbude\u0161 dobro\u201d, ve\u0107 da <strong>\u017eivi\u0161 kvalitetnije, svesnije i ispunjenije.<\/strong><\/p>\n\n\n\n<h3 class=\"wp-block-heading\">Kome je Ge\u0161talt psihoterapija namenjena?<\/h3>\n\n\n\n<p class=\"wp-block-paragraph\">Ova terapija mo\u017ee ti pomo\u0107i ukoliko:<\/p>\n\n\n\n<ul class=\"wp-block-list\">\n<li>se nosi\u0161 sa <strong>emocionalnim izazovima<\/strong> (anksioznost, depresija, bes, unutra\u0161nji konflikti\u2026),<\/li>\n\n\n\n<li>prolazi\u0161 kroz <strong>\u017eivotne krize<\/strong> (raskidi, gubitak, usamljenost, profesionalne promene\u2026),<\/li>\n\n\n\n<li>ima\u0161 f<strong>izi\u010dke ili psihosomatske tegobe<\/strong> koje nemaju jasan medicinski uzrok,<\/li>\n\n\n\n<li>\u017eeli\u0161 dublje da <strong>razume\u0161 sebe i da se razvija\u0161 kao osoba<\/strong> \u2013 \u010dak i kada \u201csve deluje u redu\u201d.<\/li>\n<\/ul>\n\n\n\n<h3 class=\"wp-block-heading\">Za\u0161to ba\u0161 Ge\u0161talt?<\/h3>\n\n\n\n<p class=\"wp-block-paragraph\">Ge\u0161tal psihoterapija je pravac koji:<\/p>\n\n\n\n<ul class=\"wp-block-list\">\n<li><strong>osna\u017euje tvoju li\u010dnu odgovornost i svesnost<\/strong>,<\/li>\n\n\n\n<li><strong>neguje kontakt i autenti\u010dnost,<\/strong><\/li>\n\n\n\n<li>omogu\u0107ava <strong>promenu iznutra, a ne samo \u201cga\u0161enje simptoma\u201d.<\/strong><\/li>\n<\/ul>\n\n\n\n<div class=\"wp-block-buttons is-layout-flex wp-block-buttons-is-layout-flex\">\n<div class=\"wp-block-button\"><a class=\"wp-block-button__link wp-element-button\" href=\"https:\/\/miteapsychotherapy.com\/en\/nas-pristup\/\">Pogledaj kako radim<\/a><\/div>\n\n\n\n<div class=\"wp-block-button\"><a class=\"wp-block-button__link wp-element-button\" href=\"https:\/\/miteapsychotherapy.com\/en\/kontaktiraj-nas\/\">Zaka\u017ei uvodni razgovor<\/a><\/div>\n<\/div>","protected":false},"excerpt":{"rendered":"<p>Pristup koji ti poma\u017ee da se pove\u017ee\u0161 sa sobom \u2013 ovde i sada Ge\u0161talt psihoterapija je savremeni terapijski pravac koji polazi od ideje da svaka osoba u sebi nosi kapacitet za promenu, razumevanje i li\u010dni rast.Ipak, u svakodnevnoj brzini i pod pritiscima \u010desto izgubimo kontakt sa sobom. Tada nam je potrebna podr\u0161ka \u2013 neko ko [&hellip;]<\/p>\n","protected":false},"author":269151969,"featured_media":0,"parent":0,"menu_order":3,"comment_status":"closed","ping_status":"closed","template":"","meta":{"_crdt_document":"","advanced_seo_description":"","jetpack_seo_html_title":"","jetpack_seo_noindex":false,"footnotes":""},"class_list":["post-28","page","type-page","status-publish","hentry"],"jetpack_likes_enabled":true,"jetpack_sharing_enabled":true,"jetpack_shortlink":"https:\/\/wp.me\/PgLkLU-s","jetpack-related-posts":[],"_links":{"self":[{"href":"https:\/\/miteapsychotherapy.com\/en\/wp-json\/wp\/v2\/pages\/28","targetHints":{"allow":["GET"]}}],"collection":[{"href":"https:\/\/miteapsychotherapy.com\/en\/wp-json\/wp\/v2\/pages"}],"about":[{"href":"https:\/\/miteapsychotherapy.com\/en\/wp-json\/wp\/v2\/types\/page"}],"author":[{"embeddable":true,"href":"https:\/\/miteapsychotherapy.com\/en\/wp-json\/wp\/v2\/users\/269151969"}],"replies":[{"embeddable":true,"href":"https:\/\/miteapsychotherapy.com\/en\/wp-json\/wp\/v2\/comments?post=28"}],"version-history":[{"count":4,"href":"https:\/\/miteapsychotherapy.com\/en\/wp-json\/wp\/v2\/pages\/28\/revisions"}],"predecessor-version":[{"id":219,"href":"https:\/\/miteapsychotherapy.com\/en\/wp-json\/wp\/v2\/pages\/28\/revisions\/219"}],"wp:attachment":[{"href":"https:\/\/miteapsychotherapy.com\/en\/wp-json\/wp\/v2\/media?parent=28"}],"curies":[{"name":"wp","href":"https:\/\/api.w.org\/{rel}","templated":true}]}}