{"id":20,"date":"2025-08-24T21:10:49","date_gmt":"2025-08-24T19:10:49","guid":{"rendered":"https:\/\/miteapsychotherapy.com\/?page_id=20"},"modified":"2025-09-25T16:03:29","modified_gmt":"2025-09-25T14:03:29","slug":"nas-pristup","status":"publish","type":"page","link":"https:\/\/miteapsychotherapy.com\/en\/nas-pristup\/","title":{"rendered":"Moj pristup &#8211; psihoterapija sa integritetom i odgovorno\u0161\u0107u"},"content":{"rendered":"<figure class=\"wp-block-image size-large\"><img data-recalc-dims=\"1\" fetchpriority=\"high\" decoding=\"async\" width=\"3024\" height=\"4032\" data-attachment-id=\"21\" data-permalink=\"https:\/\/miteapsychotherapy.com\/en\/nas-pristup\/betmen-i-robin-2\/\" data-orig-file=\"https:\/\/i0.wp.com\/miteapsychotherapy.com\/wp-content\/uploads\/2025\/08\/betmen-i-robin-1.jpeg?fit=3024%2C4032&amp;ssl=1\" data-orig-size=\"3024,4032\" data-comments-opened=\"1\" data-image-meta=\"{&quot;aperture&quot;:&quot;1.8&quot;,&quot;credit&quot;:&quot;&quot;,&quot;camera&quot;:&quot;iPhone 11&quot;,&quot;caption&quot;:&quot;&quot;,&quot;created_timestamp&quot;:&quot;1695375123&quot;,&quot;copyright&quot;:&quot;&quot;,&quot;focal_length&quot;:&quot;4.25&quot;,&quot;iso&quot;:&quot;32&quot;,&quot;shutter_speed&quot;:&quot;0.0026525198938992&quot;,&quot;title&quot;:&quot;&quot;,&quot;orientation&quot;:&quot;1&quot;,&quot;latitude&quot;:&quot;35.922047222222&quot;,&quot;longitude&quot;:&quot;14.492561111111&quot;}\" data-image-title=\"Betmen i Robin\" data-image-description=\"\" data-image-caption=\"\" data-large-file=\"https:\/\/i0.wp.com\/miteapsychotherapy.com\/wp-content\/uploads\/2025\/08\/betmen-i-robin-1.jpeg?fit=768%2C1024&amp;ssl=1\" src=\"https:\/\/i0.wp.com\/miteapsychotherapy.com\/wp-content\/uploads\/2025\/08\/betmen-i-robin-1.jpeg?resize=3024%2C4032&#038;ssl=1\" alt=\"\" class=\"wp-image-21\"\/><\/figure>\n\n\n\n<p class=\"wp-block-paragraph\">Kao psiholog sa znanjem iz <strong>klini\u010dke dijagnostike<\/strong>, imam sposobnost da prepoznam razliku izme\u0111u izazova koji se mogu uspe\u0161no tretirati psihoterapijom i onih koji zahtevaju dodatnu (medicinsku) stru\u010dnu pomo\u0107.&nbsp;<\/p>\n\n\n\n<p class=\"wp-block-paragraph\">Na taj na\u010din <strong>\u010duvam tvoje mentalno zdravlje i tvoju sigurnost<\/strong>. Ne radim ono \u0161to nije u domenu psihoterapije \u2013 i time gradimo odnos poverenja, odgovornosti i po\u0161tovanja prema tvom procesu.&nbsp;<\/p>\n\n\n\n<p class=\"wp-block-paragraph\"><strong>Kombinujem pristupe \u2013 jer ne postoji univerzalno re\u0161enje<\/strong>.<\/p>\n\n\n\n<p class=\"wp-block-paragraph\">U centru mog rada je <strong>Ge\u0161talt psihoterapija<\/strong> \u2013 pravac koji posmatra \u010doveka kao celinu i daje prostor za autenti\u010dan kontakt sa sobom i drugima.&nbsp;<\/p>\n\n\n\n<p class=\"wp-block-paragraph\">Ipak, kada je potrebno, koristim i <strong>tehnike iz drugih terapijskih pravaca<\/strong>, kao \u0161to su:&nbsp;<strong>kognitivno-bihevioralna terapija (KBT),&nbsp; telesna psihoterapija, sistemske porodi\u010dne konstelacije i transakciona analiza<\/strong> (TA).<\/p>\n\n\n\n<p class=\"wp-block-paragraph\"><strong>\u0160ta to zna\u010di za tebe?<\/strong>&nbsp;<\/p>\n\n\n\n<ul class=\"wp-block-list\">\n<li><strong>Individualni pristup<\/strong> \u2013 jer svako dolazi sa svojom pri\u010dom.<\/li>\n<\/ul>\n\n\n\n<ul class=\"wp-block-list\">\n<li><strong>Stru\u010dna procena i sigurne granice<\/strong> \u2013 zna\u0107e\u0161 da si u pravim rukama.<\/li>\n<\/ul>\n\n\n\n<ul class=\"wp-block-list\">\n<li><strong>Kombinacija temeljnog rada i konkretnih alata<\/strong> \u2013 za promene koje su su\u0161tinske i odr\u017eive.&nbsp;<\/li>\n<\/ul>\n\n\n\n<div class=\"wp-block-buttons is-layout-flex wp-block-buttons-is-layout-flex\">\n<div class=\"wp-block-button\"><a class=\"wp-block-button__link wp-element-button\" href=\"https:\/\/miteapsychotherapy.com\/en\/osnivaci-psiholozi-psihoterapeuti\/\">Saznaj vi\u0161e o mom radu<\/a><\/div>\n<\/div>\n\n\n\n<div class=\"wp-block-buttons is-layout-flex wp-block-buttons-is-layout-flex\">\n<div class=\"wp-block-button\"><a class=\"wp-block-button__link wp-element-button\" href=\"https:\/\/miteapsychotherapy.com\/en\/kontaktiraj-nas\/\">zaka\u017ei seansu<\/a><\/div>\n<\/div>\n\n\n\n<div class=\"wp-block-buttons is-layout-flex wp-block-buttons-is-layout-flex\">\n<div class=\"wp-block-button\"><a class=\"wp-block-button__link wp-element-button\" href=\"https:\/\/miteapsychotherapy.com\/en\/usluge\/#AktuelnaRadionica\">pogledaj radionice<\/a><\/div>\n<\/div>","protected":false},"excerpt":{"rendered":"<p>Kao psiholog sa znanjem iz klini\u010dke dijagnostike, imam sposobnost da prepoznam razliku izme\u0111u izazova koji se mogu uspe\u0161no tretirati psihoterapijom i onih koji zahtevaju dodatnu (medicinsku) stru\u010dnu pomo\u0107.&nbsp; Na taj na\u010din \u010duvam tvoje mentalno zdravlje i tvoju sigurnost. Ne radim ono \u0161to nije u domenu psihoterapije \u2013 i time gradimo odnos poverenja, odgovornosti i po\u0161tovanja [&hellip;]<\/p>\n","protected":false},"author":269151969,"featured_media":0,"parent":0,"menu_order":2,"comment_status":"closed","ping_status":"closed","template":"","meta":{"_crdt_document":"","advanced_seo_description":"","jetpack_seo_html_title":"","jetpack_seo_noindex":false,"footnotes":""},"class_list":["post-20","page","type-page","status-publish","hentry"],"jetpack_likes_enabled":true,"jetpack_sharing_enabled":true,"jetpack_shortlink":"https:\/\/wp.me\/PgLkLU-k","jetpack-related-posts":[],"_links":{"self":[{"href":"https:\/\/miteapsychotherapy.com\/en\/wp-json\/wp\/v2\/pages\/20","targetHints":{"allow":["GET"]}}],"collection":[{"href":"https:\/\/miteapsychotherapy.com\/en\/wp-json\/wp\/v2\/pages"}],"about":[{"href":"https:\/\/miteapsychotherapy.com\/en\/wp-json\/wp\/v2\/types\/page"}],"author":[{"embeddable":true,"href":"https:\/\/miteapsychotherapy.com\/en\/wp-json\/wp\/v2\/users\/269151969"}],"replies":[{"embeddable":true,"href":"https:\/\/miteapsychotherapy.com\/en\/wp-json\/wp\/v2\/comments?post=20"}],"version-history":[{"count":6,"href":"https:\/\/miteapsychotherapy.com\/en\/wp-json\/wp\/v2\/pages\/20\/revisions"}],"predecessor-version":[{"id":239,"href":"https:\/\/miteapsychotherapy.com\/en\/wp-json\/wp\/v2\/pages\/20\/revisions\/239"}],"wp:attachment":[{"href":"https:\/\/miteapsychotherapy.com\/en\/wp-json\/wp\/v2\/media?parent=20"}],"curies":[{"name":"wp","href":"https:\/\/api.w.org\/{rel}","templated":true}]}}